{"id":110,"date":"2018-05-17T08:33:57","date_gmt":"2018-05-17T06:33:57","guid":{"rendered":"http:\/\/mm-computer.net\/?page_id=110"},"modified":"2018-05-17T08:55:02","modified_gmt":"2018-05-17T06:55:02","slug":"datenschutz","status":"publish","type":"page","link":"https:\/\/mm-computer.net\/?page_id=110","title":{"rendered":"Datenschutz"},"content":{"rendered":"<p><strong>Datenschutzerkl\u00e4rung<\/strong><\/p>\n<p>Stand: Mai 2018<\/p>\n<p>Wir freuen uns \u00fcber Ihren Besuch auf unserer Webseite, sowie \u00fcber Ihr Interesse an unserem Unternehmen. Wir verstehen Datenschutz als kundenorientiertes Qualit\u00e4tsmerkmal. Der Schutz Ihrer pers\u00f6nlichen Daten und die Wahrung Ihres Pers\u00f6nlichkeitsrechts sind uns wichtig.<\/p>\n<p>Mit dieser Datenschutzerkl\u00e4rung m\u00f6chten wir alle Besucher unserer Webseite transparent \u00fcber Art, Umfang und Zweck der von uns erhobenen, genutzten und verarbeiteten personenbezogenen Daten informieren und Sie \u00fcber die Ihnen zustehenden Rechte aufkl\u00e4ren.<\/p>\n<p>Eine Nutzung unserer Webseite ist grunds\u00e4tzlich ohne die Angabe von personenbezogenen Daten m\u00f6glich. Sollten Sie jedoch \u00fcber unsere Webseite Dienste unseres Unternehmens in Anspruch nehmen, kann die Verarbeitung Ihrer personenbezogenen Daten erforderlich werden.<\/p>\n<p>Die beim Besuch unserer Webseiten automatisch erhobenen Daten oder aber bei der Inanspruchnahme von Diensten von Ihnen eingetragenen personenbezogenen Daten, werden gem\u00e4\u00df den jeweils aktuellen gesetzlichen Bestimmungen zum Schutz personenbezogener Daten verarbeitet.<\/p>\n<p>Ist eine Verarbeitung Ihrer personenbezogenen Daten erforderlich und besteht f\u00fcr eine solche Verarbeitung keine gesetzliche Grundlage, holen wir grunds\u00e4tzlich eine Einwilligung f\u00fcr den erforderlichen Zweck der Verarbeitung ein.<\/p>\n<p>Als f\u00fcr die Verarbeitung verantwortliches Unternehmen, haben wir technische und organisatorische Ma\u00dfnahmen festgelegt, um ein m\u00f6glichst hohes Schutzniveau Ihrer personenbezogenen Daten sicherzustellen.<\/p>\n<p>Wir weisen jedoch darauf hin, dass eine Daten\u00fcbertragung \u00fcber das World Wide Web grunds\u00e4tzlich Sicherheitsl\u00fccken aufweisen kann. M\u00f6chten Sie Dienste unseres Unternehmens in Anspruch nehmen und hierf\u00fcr nicht den Weg der Daten\u00fcbermittlung \u00fcber das World Wide Web nutzen wollen, beseht auch die M\u00f6glichkeit der telefonischen Kontaktaufnahme.<\/p>\n<p>&nbsp;<\/p>\n<p><strong>1. Kontaktdaten des f\u00fcr die Verarbeitung Verantwortlichen<\/strong><\/p>\n<p>Verantwortlicher im Sinne der Datenschutz-Grundverordnung, ist:<\/p>\n<p>M&amp;M Computer<br \/>\nWeinbergweg 10<br \/>\nD-91616 Neusitz<br \/>\nTel.: +49 9861 938038<br \/>\nE-Mail: <a href=\"mailto:info@mm-computer.net\">info(at)mm-computer.net<\/a><\/p>\n<p>&nbsp;<\/p>\n<p><strong>2. Erhebung von allgemeinen Zugriffsinformationen<\/strong><\/p>\n<p>Bei jedem Aufruf unserer Webseite werden automatisch Server Log File Informationen, die Ihr Browser an uns \u00fcbermittelt, erfasst. Dies sind:<\/p>\n<ol style=\"margin-left: 10px;\">\n<li style=\"list-style-type: none;\">\n<ul>\n<li>IP-Adresse (Internet-Protokoll-Adresse) des zugreifenden Computers<\/li>\n<li>die Webseite, von der aus Sie uns besuchen (Referrer)<\/li>\n<li>die Webseite, die Sie bei uns besuchen<\/li>\n<li>das Datum und die Dauer des Besuches<\/li>\n<li>Browsertyp und Browser-Einstellungen<\/li>\n<li>Betriebssystem<\/li>\n<\/ul>\n<\/li>\n<\/ol>\n<p>Wir weisen darauf hin, dass diese Daten nicht einer bestimmten Person zugeordnet werden k\u00f6nnen. Wir verwenden diese technischen Zugriffsinformationen ausschlie\u00dflich f\u00fcr folgende Zwecke:<\/p>\n<ol style=\"margin-left: 10px;\">\n<li style=\"list-style-type: none;\">\n<ul>\n<li>Um die Attraktivit\u00e4t und Bedienbarkeit unserer Webseiten zu verbessern,<\/li>\n<li>Um technische Probleme auf unserer Webseite fr\u00fchzeitig zu erkennen.<\/li>\n<li>die Inhalte unserer Internetseite korrekt auszuliefern,<\/li>\n<li>und um Strafverfolgungsbeh\u00f6rden im Falle eines Cyberangriffes die zur Strafverfolgung notwendigen Informationen bereitzustellen.<\/li>\n<\/ul>\n<\/li>\n<\/ol>\n<p>Diese Daten werden f\u00fcr als technische Vorkehrung maximal 7 Tage zum Schutz der Datenverarbeitungssysteme gegen unerlaubte Zugriffe gespeichert.<\/p>\n<p>&nbsp;<\/p>\n<p><strong>3. Erhebung und Weitergabe von personenbezogenen Daten<\/strong><\/p>\n<p>Wir verwenden Ihre pers\u00f6nlichen Daten nur zu den auf dieser Informationsseite zum Datenschutz angef\u00fchrten Zwecken. Auf unserer Webseite existieren keine Eingabemasken f\u00fcr die Erhebung von personenbezogenen Daten:<\/p>\n<p>&nbsp;<\/p>\n<p><strong>3.1\u00a0\u00a0 \u00a0Registrierung auf unserer Webseite<\/strong><\/p>\n<p>Wenn wir Ihre E-Mail-Adresse im Zusammenhang mit dem Verkauf einer Ware oder Dienstleistung erhalten und Sie dem nicht widersprochen haben, behalten wir uns vor, Ihnen regelm\u00e4\u00dfig Angebote zu \u00e4hnlichen Produkten, wie den bereits gekauften, aus unserem Sortiment per E-Mail zuzusenden.<\/p>\n<p>&nbsp;<\/p>\n<p><strong>4. Wof\u00fcr werden Cookies verwendet?<\/strong><\/p>\n<p>Unsere Webseite benutzt keine sogenannte Cookies. Ausf\u00fchrliche Informationen und welche Cookies zum Einsatz kommen k\u00f6nnten, k\u00f6nnen Sie unserer <a href=\"https:\/\/mm-computer.net\/?page_id=125\">Cookie Richtlinie<\/a> entnehmen.<\/p>\n<p>&nbsp;<\/p>\n<p><strong>5. L\u00f6schung, Sperrung und Dauer der Speicherung von personenbezogenen Daten<\/strong><\/p>\n<p>Wir verarbeiten und speichern Ihre personenbezogenen Daten nur f\u00fcr den Zeitraum, der zur Erreichung des jeweiligen Speicherungszwecks erforderlich ist oder wie es die vom Gesetzgeber vorgesehenen vielf\u00e4ltigen Aufbewahrungsfristen vorsehen.<\/p>\n<p>Nach Fortfall eines Speicherungszweckes oder nach Ablauf der vom Gesetzgeber vorgesehenen Aufbewahrungsfrist, werden die personenbezogenen Daten routinem\u00e4\u00dfig und entsprechend den gesetzlichen Vorschriften f\u00fcr eine weitere Verarbeitung gesperrt oder gel\u00f6scht.<\/p>\n<p>&nbsp;<\/p>\n<p><strong>8. Datenschutzrechte der betroffenen Person<\/strong><\/p>\n<p>Wenn Sie Fragen zu Ihren personenbezogenen Daten haben, k\u00f6nnen Sie sich jederzeit schriftlich an uns wenden. Sie haben nach DS-GVO folgende Rechte:<\/p>\n<p>&nbsp;<\/p>\n<p><strong>8.1 Das Recht auf Auskunft (Unterpunkt Art. 15 DS-GVO)<\/strong><\/p>\n<p>Sie haben jederzeit das Recht eine Auskunft dar\u00fcber zu erhalten, welche Kategorien und Informationen zu Ihren personenbezogenen Daten von uns zu welchem Zweck verarbeitet und wie lange und nach welchen Kriterien diese Daten gespeichert werden und ob in diesem Zusammenhang eine automatisierte Entscheidungsfindung einschlie\u00dflich Profiling angewendet wird. Au\u00dferdem haben Sie das Recht zu erfahren welche Empf\u00e4nger bzw. Kategorien von Empf\u00e4ngern Ihre Daten offengelegt worden sind oder noch offengelegt werden; insbesondere bei Empf\u00e4ngern in Drittl\u00e4nder oder internationalen Organisationen. In diesem Fall haben Sie auch das Recht \u00fcber geeignete Garantien im Zusammenhang mit der \u00dcbermittlung Ihrer personenbezogenen Daten unterrichtet zu werden.<\/p>\n<p>Neben dem Beschwerderecht bei der Aufsichtsbeh\u00f6rde und dem Informationsrecht \u00fcber die Herkunft Ihrer Daten haben Sie das Recht auf L\u00f6schung, Berichtigung sowie das Recht auf Einschr\u00e4nkung f\u00fcr bzw. Widerspruchsrecht gegen eine Verarbeitung Ihrer personenbezogenen Daten.<\/p>\n<p>In allen oben genannten F\u00e4llen haben Sie das Recht vom Datenbearbeiter eine kostenfreie Kopie Ihrer personenbezogenen Daten, die von uns verarbeitet werden, zu verlangen. F\u00fcr alle weiteren Kopien, die Sie beantragen oder die \u00fcber das Informationsrecht der betroffenen Person hinausgehen, sind wir berechtigt eine angemessene Verwaltungsgeb\u00fchr zu erheben.<\/p>\n<p>&nbsp;<\/p>\n<p><strong>8.2 Das Recht auf Berichtigung (Art. 16 DS-GVO)<\/strong><\/p>\n<p>Sie haben das Recht, der unverz\u00fcglichen Berichtigung Ihrer unrichtigen personenbezogenen Daten zu verlangen und unter Ber\u00fccksichtigung der Zwecke der Verarbeitung, die Vervollst\u00e4ndigung unvollst\u00e4ndiger personenbezogener Daten auch mittels einer erg\u00e4nzenden Erkl\u00e4rung zu verlangen.<\/p>\n<p>M\u00f6chten Sie das Recht auf Berichtigung in Anspruch nehmen, k\u00f6nnen Sie sich jederzeit an unseren Datenschutzbeauftragten oder den f\u00fcr die Verarbeitung Verantwortlichen wenden.<\/p>\n<p>&nbsp;<\/p>\n<p><strong>8.3 Das Recht auf L\u00f6schung (Art. 17 DS-GVO)<\/strong><\/p>\n<p>Sie haben das Recht, die unverz\u00fcgliche L\u00f6schung Ihrer Daten zu verlangen (\u201eRecht auf Vergessen werden\u201c) insbesondere dann, wenn die Speicherung der Daten nicht mehr notwendig ist, Sie Ihre Einwilligung zur Datenverarbeitung widerrufen, Ihre Daten unrechtm\u00e4\u00dfig verarbeitet wurden oder unrechtm\u00e4\u00dfig erhoben wurden und eine Rechtspflicht zum L\u00f6schen nach EU- oder nationalem Recht besteht.<\/p>\n<p>Das Recht auf Vergessen werden findet jedoch keine Anwendung, wenn ein \u00fcberwiegendes Recht auf freie Meinungs\u00e4u\u00dferung bzw. der Informationsfreiheit besteht, die Datenspeicherung f\u00fcr die Erf\u00fcllung einer rechtlichen Verpflichtung (z. B. Aufbewahrungspflichten) erforderlich ist, Archivzwecke der L\u00f6schung entgegenstehen oder die Speicherung zur Geltendmachung, Aus\u00fcbung oder Verteidigung von Rechtsanspr\u00fcchen dient.<\/p>\n<p>&nbsp;<\/p>\n<p><strong>8.4 Das Recht auf Einschr\u00e4nkung (Art. 18 DS-GVO)<\/strong><\/p>\n<p>Sie haben das Recht auf Einschr\u00e4nkung der Verarbeitung Ihrer Daten durch den f\u00fcr die Verarbeitung Verantwortlichen zu verlangen, wenn die Richtigkeit der Daten von Ihnen bestritten wird, die Verarbeitung unrechtm\u00e4\u00dfig ist, Sie die L\u00f6schung Ihrer personenbezogenen Daten ablehnen und stattdessen eine Einschr\u00e4nkung der Verarbeitung verlangen, wenn die Erforderlichkeit f\u00fcr den Verarbeitungszweck entf\u00e4llt oder Sie der Verarbeitung gem\u00e4\u00df Artikel 21 Absatz 1 widersprochen haben, solange noch nicht feststeht, ob berechtigte Gr\u00fcnde unsererseits gegen\u00fcber Ihren \u00fcberwiegen.<\/p>\n<p>&nbsp;<\/p>\n<p><strong>8.5 Das Recht auf Daten\u00fcbertragbarkeit (Art. 20 DS-GVO)<\/strong><\/p>\n<p>Sie haben das Recht auf \u00dcbertragbarkeit Ihrer personenbezogenen Daten, welche Sie unserem Unternehmen in Form eines g\u00e4ngigen Formates bereitgestellt haben, damit Sie ohne Behinderung Ihre personenbezogenen Daten an einen anderen Verantwortlichen weiterleiten lassen k\u00f6nnen, sofern bspw. Ihrerseits eine Einwilligung vorliegt und die Verarbeitung mittels eines automatisierten Verfahrens erfolgt.<\/p>\n<p>&nbsp;<\/p>\n<p><strong>8.6 Das Recht auf Widerspruch (Art. 21 DS-GVO)<\/strong><\/p>\n<p>Sie haben das Recht, jederzeit gegen die Erhebung, Verarbeitung oder Nutzung ihrer personenbezogenen Daten f\u00fcr Zwecke der Direktwerbung oder der Markt- und Meinungsforschung sowie der allgemeinen gesch\u00e4ftsm\u00e4\u00dfigen Datenverarbeitung zu widersprechen, es sei denn, wir k\u00f6nnen zwingende schutzw\u00fcrdige Gr\u00fcnde f\u00fcr die Verarbeitung nachweisen, die Ihren Interessen, Rechten und Freiheiten \u00fcberwiegen.<\/p>\n<p>Dar\u00fcber hinaus k\u00f6nnen Sie Ihr Recht auf Widerspruch nicht wahrnehmen, wenn eine Rechtsvorschrift die Erhebung, Verarbeitung oder Nutzung der Daten vorsieht oder zur Erhebung, Verarbeitung oder Nutzung verpflichtet.<\/p>\n<p>&nbsp;<\/p>\n<p><strong>8.7 Beschwerderecht bei der Datenschutzaufsichtsbeh\u00f6rde (Art. 77 DS-GVO i. V. m \u00a7 19 BDSG)<\/strong><\/p>\n<p>Ihnen wird das Recht zuerkannt, sich bei der zust\u00e4ndigen Aufsichtsbeh\u00f6rde zu beschweren, wenn sie der Ansicht sind, dass ein Versto\u00df bei der Verarbeitung Ihrer personenbezogenen Daten vorliegt.<\/p>\n<p>&nbsp;<\/p>\n<p><strong>8.8 Recht auf Widerruf einer datenschutzrechtlichen Einwilligung (Art. 7 Abs. 3 DS-GVO)<\/strong><\/p>\n<p>Eine erteilte Einwilligung f\u00fcr die Verarbeitung Ihrer personenbezogenen Daten k\u00f6nnen Sie jederzeit und ohne Angaben von Gr\u00fcnden widerrufen. Dies gilt auch f\u00fcr den Widerruf von Einwilligungserkl\u00e4rungen, die vor Inkrafttreten der EU-Datenschutz-Grundverordnung, uns gegen\u00fcber erteilt worden ist.<\/p>\n<p>&nbsp;<\/p>\n<p><strong>9. Rechtsgrundlage der Verarbeitung<\/strong><\/p>\n<p>Bei der Verarbeitung von personenbezogenen Daten, f\u00fcr die wir eine Einwilligung der betroffenen Person einholen, dient Art. 6 Abs. 1, Satz 1 a) der Datenschutz-Grundverordnung (DSGVO) als Rechtsgrundlage.<\/p>\n<p>Bei der Verarbeitung von personenbezogenen Daten, die zur Erf\u00fcllung eines Vertrages erforderlich sind, dessen Vertragspartei die betroffene Person ist, dient Art. 6 Ab. 1, Satz 1 b) (DSGVO) als Rechtsgrundlage.\u00a0 Diese Regelung umfasst auch Verarbeitungsvorg\u00e4nge, die zur Durchf\u00fchrung vorvertraglicher Ma\u00dfnahmen erforderlich sind.<\/p>\n<p>Soweit eine Verarbeitung personenbezogener Daten zur Erf\u00fcllung einer rechtlichen Verpflichtung erforderlich ist, denen unser Unternehmen unterliegt, dient Art. 6 Abs. 1, Satz 1 c) (DSGVO) als Rechtsgrundlage.<br \/>\nIst die Verarbeitung zur Wahrung eines berechtigten Interesses unseres Unternehmens oder eines Dritten erforderlich und \u00fcberwiegen die Interessen, Grundrechte und Grundfreiheiten des Betroffenen das erstgenannte Interesse nicht, so dient Art. 6 Abs. 1 Satz 1 f) (DSGVO) als Rechtsgrundlage f\u00fcr die Verarbeitung. Das berechtige Interesse unseres Unternehmens liegt in der Durchf\u00fchrung unserer Gesch\u00e4ftst\u00e4tigkeit sowie in der Analyse, Optimierung und Erhaltung der Sicherheit unseres Onlineangebotes.<\/p>\n<p>&nbsp;<\/p>\n<p><strong>10. \u00dcbermittlung von Daten an Dritte<\/strong><\/p>\n<p>Wir verkaufen oder verleihen generell keine Nutzerdaten. Eine \u00dcbermittlung an Dritte \u00fcber den in dieser Datenschutzerkl\u00e4rung beschriebenen Rahmen hinaus, findet nur dann statt, wenn dies zur Abwicklung des jeweiligen angeforderten Dienstes n\u00f6tig ist.<\/p>\n<p>Wir \u00fcbermitteln Daten nur dann, wenn dazu eine rechtliche Verpflichtung besteht. Das ist dann der Fall, wenn staatliche Einrichtungen (z.B. Strafverfolgungsbeh\u00f6rden) schriftlich um Auskunft ersuchen oder eine richterliche Verf\u00fcgung vorliegt.<\/p>\n<p>Eine \u00dcbermittlung von personenbezogenen Daten in sogenannte Drittstaaten au\u00dferhalb des EU\/ EWR-Raumes findet nicht statt.<\/p>\n<p>&nbsp;<\/p>\n<p><strong>11. Gesetzliche oder vertragliche Vorschriften zur Bereitstellung von personenbezogenen Daten sowie m\u00f6gliche Folgen der Nichtbereitstellung<\/strong><\/p>\n<p>Wir weisen hiermit darauf hin, dass die Bereitstellung von personenbezogenen Daten in bestimmten F\u00e4llen (z.B. Steuervorschriften) gesetzlich vorgeschrieben ist oder sich aus vertraglichen Regelungen (z.B. Angaben zum\/des Vertragspartners) ergeben kann. Beispielsweise kann es f\u00fcr einen Vertragsabschluss erforderlich sein, dass die betroffene Person\/der Vertragspartner seine personenbezogenen Daten zur Verf\u00fcgung stellen muss, damit sein Anliegen (z.B. Bestellung) \u00fcberhaupt von uns bearbeitet werden kann. Eine Verpflichtung zur Bereitstellung von personenbezogenen Daten ergibt sich vor allem bei Vertragsabschl\u00fcssen. Sollten in diesem Fall keine personenbezogenen Daten bereitgestellt werden, kann der Vertrag mit der betroffenen Person nicht abgeschlossen werden. Vor einer Bereitstellung personenbezogener Daten durch den Betroffenen kann sich der Betroffene an unseren Datenschutzbeauftragten oder an den f\u00fcr die Verarbeitung Verantwortlichen wenden. Der Datenschutzbeauftragte oder der f\u00fcr die Verarbeitung Verantwortliche kl\u00e4rt dann den Betroffenen dar\u00fcber auf, ob die Bereitstellung der ben\u00f6tigten personenbezogenen Daten gesetzlich oder vertraglich vorgeschrieben bzw. f\u00fcr den Vertragsabschluss erforderlich ist und ob sich aus den Anliegen der betroffenen Person eine Verpflichtung ergibt, die personenbezogenen Daten bereitzustellen bzw. welche Folgen eine Nichtbereitstellung der gew\u00fcnschten Daten f\u00fcr den Betroffenen hat.<\/p>\n<p>&nbsp;<\/p>\n<p><strong>12. Bestehen einer automatisierten Entscheidungsfindung<\/strong><\/p>\n<p>Als verantwortungsbewusstes Unternehmen verzichten wir bei unseren Gesch\u00e4ftsbeziehungen auf eine automatische Entscheidungsfindung oder ein Profiling.<\/p>\n<p>&nbsp;<\/p>\n","protected":false},"excerpt":{"rendered":"<p>Datenschutzerkl\u00e4rung Stand: Mai 2018 Wir freuen uns \u00fcber Ihren Besuch auf unserer Webseite, sowie \u00fcber Ihr Interesse an unserem Unternehmen. Wir verstehen Datenschutz als kundenorientiertes Qualit\u00e4tsmerkmal. Der Schutz Ihrer pers\u00f6nlichen Daten und die Wahrung Ihres Pers\u00f6nlichkeitsrechts sind uns wichtig. Mit dieser Datenschutzerkl\u00e4rung m\u00f6chten wir alle Besucher unserer Webseite transparent \u00fcber Art, Umfang und Zweck der &hellip; <\/p>\n<p class=\"link-more\"><a href=\"https:\/\/mm-computer.net\/?page_id=110\" class=\"more-link\"><span class=\"screen-reader-text\">\u201eDatenschutz\u201c<\/span> weiterlesen<\/a><\/p>\n","protected":false},"author":1,"featured_media":0,"parent":0,"menu_order":0,"comment_status":"closed","ping_status":"closed","template":"","meta":{"footnotes":""},"class_list":["post-110","page","type-page","status-publish","hentry"],"_links":{"self":[{"href":"https:\/\/mm-computer.net\/index.php?rest_route=\/wp\/v2\/pages\/110","targetHints":{"allow":["GET"]}}],"collection":[{"href":"https:\/\/mm-computer.net\/index.php?rest_route=\/wp\/v2\/pages"}],"about":[{"href":"https:\/\/mm-computer.net\/index.php?rest_route=\/wp\/v2\/types\/page"}],"author":[{"embeddable":true,"href":"https:\/\/mm-computer.net\/index.php?rest_route=\/wp\/v2\/users\/1"}],"replies":[{"embeddable":true,"href":"https:\/\/mm-computer.net\/index.php?rest_route=%2Fwp%2Fv2%2Fcomments&post=110"}],"version-history":[{"count":9,"href":"https:\/\/mm-computer.net\/index.php?rest_route=\/wp\/v2\/pages\/110\/revisions"}],"predecessor-version":[{"id":130,"href":"https:\/\/mm-computer.net\/index.php?rest_route=\/wp\/v2\/pages\/110\/revisions\/130"}],"wp:attachment":[{"href":"https:\/\/mm-computer.net\/index.php?rest_route=%2Fwp%2Fv2%2Fmedia&parent=110"}],"curies":[{"name":"wp","href":"https:\/\/api.w.org\/{rel}","templated":true}]}}