{"id":125,"date":"2018-05-17T08:54:20","date_gmt":"2018-05-17T06:54:20","guid":{"rendered":"http:\/\/mm-computer.net\/?page_id=125"},"modified":"2022-10-19T13:02:40","modified_gmt":"2022-10-19T11:02:40","slug":"cookierichtlinie","status":"publish","type":"page","link":"https:\/\/mm-computer.net\/?page_id=125","title":{"rendered":"CookieRichtlinie"},"content":{"rendered":"<h2>Cookie-Richtlinie<\/h2>\n<p>Ein Cookie ist ein kleiner Datensatz, der auf Ihrem Endger\u00e4t gespeichert wird und Daten wie z. B. pers\u00f6nliche Seiteneinstellungen und Anmeldeinformationen enth\u00e4lt. Dieser Datensatz wird von dem Web-Server, mit dem Sie \u00fcber Ihren Web-Browser eine Verbindung aufgebaut haben, erzeugt und an Sie gesendet. Im Allgemeinen werden Cookies zur Analyse des Interesses an Webseiten sowie zur Verbesserung der Benutzerfreundlichkeit der Webseiten eingesetzt. Sie k\u00f6nnen die meisten Webseiten grunds\u00e4tzlich auch ohne Cookies aufrufen. Wollen Sie jedoch Webseiten vollumf\u00e4nglich bzw. komfortabel nutzen, sollten Sie jedoch diejenigen Cookies akzeptieren, die die Nutzung bestimmter Funktionen erm\u00f6glichen bzw. die Nutzung komfortabler machen. Die Verwendungszwecke von Cookies k\u00f6nnen Sie der nachstehenden \u00dcbersicht entnehmen.<\/p>\n<p>Nachfolgend sind die gebr\u00e4uchlichsten Arten von Cookies zu Ihrem Verst\u00e4ndnis erkl\u00e4rt:<\/p>\n<p><strong>1. Sitzungs-Cookies<\/strong><br \/>\nW\u00e4hrend Sie auf einer Webseite aktiv sind, wird tempor\u00e4r ein Sitzungs-Cookie im Speicher Ihres Computers abgelegt, in dem eine Sitzungskennung gespeichert wird, um z. B. bei jedem Seitenwechsel zu verhindern, dass Sie sich erneut anmelden m\u00fcssen. Sitzungs-Cookies werden bei der Abmeldung gel\u00f6scht oder verlieren ihre G\u00fcltigkeit, sobald ihre Sitzung automatisch abgelaufen ist.<\/p>\n<p><strong>2. Permanente oder Protokoll-Cookies<\/strong><br \/>\nEin permanenter oder Protokoll-Cookie speichert eine Datei \u00fcber den im Ablaufdatum vorgesehenen Zeitraum auf Ihrem Computer. Durch diese Cookies erinnern sich Webseiten bei Ihrem n\u00e4chsten Besuch an Ihre Informationen und Einstellungen. Das f\u00fchrt zu einem schnelleren und bequemeren Zugriff, da Sie z. B. nicht erneut ihre Spracheinstellung f\u00fcr unser Portal vornehmen m\u00fcssen. Mit Verstreichen des Ablaufdatums wird der Cookie automatisch gel\u00f6scht, wenn Sie die Webseite besuchen, die diesen erzeugt hat.<\/p>\n<p><strong>3. Drittanbieter-Cookies<\/strong><br \/>\nDrittanbieter-Cookies stammen von anderen Anbietern als dem Betreiber der Webseite. Sie k\u00f6nnen beispielsweise zum Sammeln von Informationen f\u00fcr Werbung, benutzerdefinierte Inhalte und Web-Statistiken verwendet werden.<\/p>\n<p><strong>4. Flash-Cookies<\/strong><br \/>\nFlash-Cookies werden als Datenelemente von Webseiten auf Ihrem Computer gespeichert, wenn diese mit Adobe Flash betrieben werden. Flash-Cookies haben kein Zeitlimit.<\/p>\n","protected":false},"excerpt":{"rendered":"<p>Cookie-Richtlinie Ein Cookie ist ein kleiner Datensatz, der auf Ihrem Endger\u00e4t gespeichert wird und Daten wie z. B. pers\u00f6nliche Seiteneinstellungen und Anmeldeinformationen enth\u00e4lt. Dieser Datensatz wird von dem Web-Server, mit dem Sie \u00fcber Ihren Web-Browser eine Verbindung aufgebaut haben, erzeugt und an Sie gesendet. Im Allgemeinen werden Cookies zur Analyse des Interesses an Webseiten sowie &hellip; <\/p>\n<p class=\"link-more\"><a href=\"https:\/\/mm-computer.net\/?page_id=125\" class=\"more-link\"><span class=\"screen-reader-text\">\u201eCookieRichtlinie\u201c<\/span> weiterlesen<\/a><\/p>\n","protected":false},"author":1,"featured_media":0,"parent":0,"menu_order":0,"comment_status":"closed","ping_status":"closed","template":"","meta":{"footnotes":""},"class_list":["post-125","page","type-page","status-publish","hentry"],"_links":{"self":[{"href":"https:\/\/mm-computer.net\/index.php?rest_route=\/wp\/v2\/pages\/125","targetHints":{"allow":["GET"]}}],"collection":[{"href":"https:\/\/mm-computer.net\/index.php?rest_route=\/wp\/v2\/pages"}],"about":[{"href":"https:\/\/mm-computer.net\/index.php?rest_route=\/wp\/v2\/types\/page"}],"author":[{"embeddable":true,"href":"https:\/\/mm-computer.net\/index.php?rest_route=\/wp\/v2\/users\/1"}],"replies":[{"embeddable":true,"href":"https:\/\/mm-computer.net\/index.php?rest_route=%2Fwp%2Fv2%2Fcomments&post=125"}],"version-history":[{"count":4,"href":"https:\/\/mm-computer.net\/index.php?rest_route=\/wp\/v2\/pages\/125\/revisions"}],"predecessor-version":[{"id":157,"href":"https:\/\/mm-computer.net\/index.php?rest_route=\/wp\/v2\/pages\/125\/revisions\/157"}],"wp:attachment":[{"href":"https:\/\/mm-computer.net\/index.php?rest_route=%2Fwp%2Fv2%2Fmedia&parent=125"}],"curies":[{"name":"wp","href":"https:\/\/api.w.org\/{rel}","templated":true}]}}