{"id":145,"date":"2021-01-16T12:27:35","date_gmt":"2021-01-16T11:27:35","guid":{"rendered":"https:\/\/mm-computer.net\/?page_id=145"},"modified":"2021-01-16T12:33:58","modified_gmt":"2021-01-16T11:33:58","slug":"videoueberwachung","status":"publish","type":"page","link":"https:\/\/mm-computer.net\/?page_id=145","title":{"rendered":"Video\u00fcberwachung"},"content":{"rendered":"\n<p>von Planung bis zur Ausf\u00fchrung.<br>Wir bieten Video\u00fcberwachungssysteme u.a. von der Firma DAHUA.<\/p>\n\n\n\n<p>Kameramodelle: Bullet, Dome, SpeedDome, Rekorder<br>f\u00fcr den Au\u00dfen- und Innenbereich.<\/p>\n\n\n\n<p>Sprechen sie uns an.<\/p>\n","protected":false},"excerpt":{"rendered":"<p>von Planung bis zur Ausf\u00fchrung.Wir bieten Video\u00fcberwachungssysteme u.a. von der Firma DAHUA. Kameramodelle: Bullet, Dome, SpeedDome, Rekorderf\u00fcr den Au\u00dfen- und Innenbereich. Sprechen sie uns an.<\/p>\n","protected":false},"author":1,"featured_media":0,"parent":0,"menu_order":0,"comment_status":"closed","ping_status":"closed","template":"","meta":{"footnotes":""},"class_list":["post-145","page","type-page","status-publish","hentry"],"_links":{"self":[{"href":"https:\/\/mm-computer.net\/index.php?rest_route=\/wp\/v2\/pages\/145","targetHints":{"allow":["GET"]}}],"collection":[{"href":"https:\/\/mm-computer.net\/index.php?rest_route=\/wp\/v2\/pages"}],"about":[{"href":"https:\/\/mm-computer.net\/index.php?rest_route=\/wp\/v2\/types\/page"}],"author":[{"embeddable":true,"href":"https:\/\/mm-computer.net\/index.php?rest_route=\/wp\/v2\/users\/1"}],"replies":[{"embeddable":true,"href":"https:\/\/mm-computer.net\/index.php?rest_route=%2Fwp%2Fv2%2Fcomments&post=145"}],"version-history":[{"count":4,"href":"https:\/\/mm-computer.net\/index.php?rest_route=\/wp\/v2\/pages\/145\/revisions"}],"predecessor-version":[{"id":151,"href":"https:\/\/mm-computer.net\/index.php?rest_route=\/wp\/v2\/pages\/145\/revisions\/151"}],"wp:attachment":[{"href":"https:\/\/mm-computer.net\/index.php?rest_route=%2Fwp%2Fv2%2Fmedia&parent=145"}],"curies":[{"name":"wp","href":"https:\/\/api.w.org\/{rel}","templated":true}]}}