{"id":47,"date":"2018-02-28T09:34:44","date_gmt":"2018-02-28T09:34:44","guid":{"rendered":"http:\/\/mm-computer.net\/?page_id=47"},"modified":"2018-02-28T09:34:44","modified_gmt":"2018-02-28T09:34:44","slug":"web-e-mailhosting","status":"publish","type":"page","link":"https:\/\/mm-computer.net\/?page_id=47","title":{"rendered":"Web- \/ E-Mailhosting"},"content":{"rendered":"<p style=\"text-align: left;\"><img loading=\"lazy\" decoding=\"async\" class=\"wp-image-48 alignleft\" src=\"https:\/\/mm-computer.net\/wp-content\/uploads\/2018\/02\/network-2402637_1280-300x169.jpg\" alt=\"\" width=\"428\" height=\"241\" srcset=\"https:\/\/mm-computer.net\/wp-content\/uploads\/2018\/02\/network-2402637_1280-300x169.jpg 300w, https:\/\/mm-computer.net\/wp-content\/uploads\/2018\/02\/network-2402637_1280-768x432.jpg 768w, https:\/\/mm-computer.net\/wp-content\/uploads\/2018\/02\/network-2402637_1280-1024x576.jpg 1024w, https:\/\/mm-computer.net\/wp-content\/uploads\/2018\/02\/network-2402637_1280.jpg 1280w\" sizes=\"auto, (max-width: 428px) 100vw, 428px\" \/><\/p>\n<p>&nbsp;<\/p>\n<p>&nbsp;<\/p>\n<p>&nbsp;<\/p>\n<p>&nbsp;<\/p>\n<p>&nbsp;<\/p>\n<ul>\n<li>Eigene Domain.<\/li>\n<li style=\"text-align: left;\">Webseiten selber gestalten und verwalten in Plesk und WordPress.<\/li>\n<li>E-Mail Postf\u00e4cher anlegen und verwalten.<\/li>\n<li>externer E-Mail Relayserver f\u00fcr eigenen Exchange mit TLS verschl\u00fcsselung und DKIM Signierung.<\/li>\n<\/ul>\n","protected":false},"excerpt":{"rendered":"<p>&nbsp; &nbsp; &nbsp; &nbsp; &nbsp; Eigene Domain. Webseiten selber gestalten und verwalten in Plesk und WordPress. E-Mail Postf\u00e4cher anlegen und verwalten. externer E-Mail Relayserver f\u00fcr eigenen Exchange mit TLS verschl\u00fcsselung und DKIM Signierung.<\/p>\n","protected":false},"author":1,"featured_media":0,"parent":0,"menu_order":0,"comment_status":"closed","ping_status":"closed","template":"","meta":{"footnotes":""},"class_list":["post-47","page","type-page","status-publish","hentry"],"_links":{"self":[{"href":"https:\/\/mm-computer.net\/index.php?rest_route=\/wp\/v2\/pages\/47","targetHints":{"allow":["GET"]}}],"collection":[{"href":"https:\/\/mm-computer.net\/index.php?rest_route=\/wp\/v2\/pages"}],"about":[{"href":"https:\/\/mm-computer.net\/index.php?rest_route=\/wp\/v2\/types\/page"}],"author":[{"embeddable":true,"href":"https:\/\/mm-computer.net\/index.php?rest_route=\/wp\/v2\/users\/1"}],"replies":[{"embeddable":true,"href":"https:\/\/mm-computer.net\/index.php?rest_route=%2Fwp%2Fv2%2Fcomments&post=47"}],"version-history":[{"count":6,"href":"https:\/\/mm-computer.net\/index.php?rest_route=\/wp\/v2\/pages\/47\/revisions"}],"predecessor-version":[{"id":54,"href":"https:\/\/mm-computer.net\/index.php?rest_route=\/wp\/v2\/pages\/47\/revisions\/54"}],"wp:attachment":[{"href":"https:\/\/mm-computer.net\/index.php?rest_route=%2Fwp%2Fv2%2Fmedia&parent=47"}],"curies":[{"name":"wp","href":"https:\/\/api.w.org\/{rel}","templated":true}]}}